{"id":2820,"date":"2022-08-15T08:48:50","date_gmt":"2022-08-15T06:48:50","guid":{"rendered":"https:\/\/www.pullmax.at\/px\/?page_id=2820"},"modified":"2025-12-31T21:32:57","modified_gmt":"2025-12-31T20:32:57","slug":"verschleissteile-fuer-pullmax-x93-x97","status":"publish","type":"page","link":"https:\/\/www.pullmax.at\/px\/verschleissteile-fuer-pullmax-x93-x97\/","title":{"rendered":"Verschlei\u00dfteile f\u00fcr Pullmax X93-X97"},"content":{"rendered":"\t\t<div data-elementor-type=\"wp-page\" data-elementor-id=\"2820\" class=\"elementor elementor-2820\">\n\t\t\t\t\t\t<section class=\"elementor-section elementor-top-section elementor-element elementor-element-a015d11 elementor-section-boxed elementor-section-height-default elementor-section-height-default\" data-id=\"a015d11\" data-element_type=\"section\" data-e-type=\"section\">\n\t\t\t\t\t\t<div class=\"elementor-container elementor-column-gap-default\">\n\t\t\t\t\t<div class=\"elementor-column elementor-col-100 elementor-top-column elementor-element elementor-element-4077894\" data-id=\"4077894\" data-element_type=\"column\" data-e-type=\"column\">\n\t\t\t<div class=\"elementor-widget-wrap elementor-element-populated\">\n\t\t\t\t\t\t<div class=\"elementor-element elementor-element-38d71b3 elementor-widget elementor-widget-heading\" data-id=\"38d71b3\" data-element_type=\"widget\" data-e-type=\"widget\" data-widget_type=\"heading.default\">\n\t\t\t\t<div class=\"elementor-widget-container\">\n\t\t\t\t\t<h2 class=\"elementor-heading-title elementor-size-default\">Verschlei\u00dfteile f\u00fcr Pullmax X93-X97<\/h2>\t\t\t\t<\/div>\n\t\t\t\t<\/div>\n\t\t\t\t\t<\/div>\n\t\t<\/div>\n\t\t\t\t\t<\/div>\n\t\t<\/section>\n\t\t\t\t<section class=\"elementor-section elementor-top-section elementor-element elementor-element-1980004 elementor-section-boxed elementor-section-height-default elementor-section-height-default\" data-id=\"1980004\" data-element_type=\"section\" data-e-type=\"section\">\n\t\t\t\t\t\t<div class=\"elementor-container elementor-column-gap-default\">\n\t\t\t\t\t<div class=\"elementor-column elementor-col-100 elementor-top-column elementor-element elementor-element-de11957\" data-id=\"de11957\" data-element_type=\"column\" data-e-type=\"column\">\n\t\t\t<div class=\"elementor-widget-wrap elementor-element-populated\">\n\t\t\t\t\t\t<div class=\"elementor-element elementor-element-7667d53 elementor-position-left elementor-vertical-align-middle elementor-widget elementor-widget-image-box\" data-id=\"7667d53\" data-element_type=\"widget\" data-e-type=\"widget\" data-widget_type=\"image-box.default\">\n\t\t\t\t<div class=\"elementor-widget-container\">\n\t\t\t\t\t<div class=\"elementor-image-box-wrapper\"><figure class=\"elementor-image-box-img\"><img fetchpriority=\"high\" decoding=\"async\" width=\"2454\" height=\"1029\" src=\"https:\/\/www.pullmax.at\/px\/wp-content\/uploads\/2021\/02\/16328001.png\" class=\"elementor-animation-grow attachment-full size-full wp-image-591\" alt=\"Art.Nr. 163.280.01 St\u00fctzkeil Kurz\" srcset=\"https:\/\/www.pullmax.at\/px\/wp-content\/uploads\/2021\/02\/16328001.png 2454w, https:\/\/www.pullmax.at\/px\/wp-content\/uploads\/2021\/02\/16328001-300x126.png 300w, https:\/\/www.pullmax.at\/px\/wp-content\/uploads\/2021\/02\/16328001-1024x429.png 1024w, https:\/\/www.pullmax.at\/px\/wp-content\/uploads\/2021\/02\/16328001-768x322.png 768w, https:\/\/www.pullmax.at\/px\/wp-content\/uploads\/2021\/02\/16328001-1536x644.png 1536w, https:\/\/www.pullmax.at\/px\/wp-content\/uploads\/2021\/02\/16328001-2048x859.png 2048w\" sizes=\"(max-width: 2454px) 100vw, 2454px\" \/><\/figure><div class=\"elementor-image-box-content\"><h3 class=\"elementor-image-box-title\">St\u00fctzkeil Kurz - Art. Nr. 163.280.01<\/h3><p class=\"elementor-image-box-description\">Der St\u00fctzkeil h\u00e4lt das Werkst\u00fcck wenn das Werkst\u00fcck die Steuerrollen verlassen hat. Die L\u00e4nge des Anschlages sollte unter gewissen Umst\u00e4nden der Abschr\u00e4gdimension angepasst werden. Der Standardanschlag ist f\u00fcr Abschr\u00e4gbreiten \u00fcber 10 mm geeignet.\nUnter 10 mm Abschr\u00e4gbreite wird der\u00a0 verl\u00e4ngerte St\u00fctzkeil Nr 163.276.01 empfohlen.<\/p><\/div><\/div>\t\t\t\t<\/div>\n\t\t\t\t<\/div>\n\t\t\t\t\t<\/div>\n\t\t<\/div>\n\t\t\t\t\t<\/div>\n\t\t<\/section>\n\t\t\t\t<section class=\"elementor-section elementor-top-section elementor-element elementor-element-fb7e5ba elementor-section-boxed elementor-section-height-default elementor-section-height-default\" data-id=\"fb7e5ba\" data-element_type=\"section\" data-e-type=\"section\">\n\t\t\t\t\t\t<div class=\"elementor-container elementor-column-gap-default\">\n\t\t\t\t\t<div class=\"elementor-column elementor-col-100 elementor-top-column elementor-element elementor-element-fcdccce\" data-id=\"fcdccce\" data-element_type=\"column\" data-e-type=\"column\">\n\t\t\t<div class=\"elementor-widget-wrap elementor-element-populated\">\n\t\t\t\t\t\t<div class=\"elementor-element elementor-element-554eb8f elementor-position-left elementor-vertical-align-middle elementor-widget elementor-widget-image-box\" data-id=\"554eb8f\" data-element_type=\"widget\" data-e-type=\"widget\" data-widget_type=\"image-box.default\">\n\t\t\t\t<div class=\"elementor-widget-container\">\n\t\t\t\t\t<div class=\"elementor-image-box-wrapper\"><figure class=\"elementor-image-box-img\"><img decoding=\"async\" width=\"2454\" height=\"1029\" src=\"https:\/\/www.pullmax.at\/px\/wp-content\/uploads\/2021\/02\/16327601.png\" class=\"elementor-animation-grow attachment-full size-full wp-image-590\" alt=\"Art.Nr. 163.276.01 St\u00fctzkeil Lang\" srcset=\"https:\/\/www.pullmax.at\/px\/wp-content\/uploads\/2021\/02\/16327601.png 2454w, https:\/\/www.pullmax.at\/px\/wp-content\/uploads\/2021\/02\/16327601-300x126.png 300w, https:\/\/www.pullmax.at\/px\/wp-content\/uploads\/2021\/02\/16327601-1024x429.png 1024w, https:\/\/www.pullmax.at\/px\/wp-content\/uploads\/2021\/02\/16327601-768x322.png 768w, https:\/\/www.pullmax.at\/px\/wp-content\/uploads\/2021\/02\/16327601-1536x644.png 1536w, https:\/\/www.pullmax.at\/px\/wp-content\/uploads\/2021\/02\/16327601-2048x859.png 2048w\" sizes=\"(max-width: 2454px) 100vw, 2454px\" \/><\/figure><div class=\"elementor-image-box-content\"><h3 class=\"elementor-image-box-title\">St\u00fctzkeil Lang - Art. Nr. 163.276.01<\/h3><p class=\"elementor-image-box-description\">Der St\u00fctzkeil h\u00e4lt das Werkst\u00fcck wenn das Werkst\u00fcck die Steuerrollen verlassen hat. Die L\u00e4nge des Anschlages sollte unter gewissen Umst\u00e4nden der Abschr\u00e4gdimension angepasst werden. Der Standardanschlag ist f\u00fcr Abschr\u00e4gbreiten \u00fcber 10 mm geeignet.\nUnter 10 mm Abschr\u00e4gbreite wird der\u00a0 verl\u00e4ngerte St\u00fctzkeil Nr 163.276.01 empfohlen.<\/p><\/div><\/div>\t\t\t\t<\/div>\n\t\t\t\t<\/div>\n\t\t\t\t\t<\/div>\n\t\t<\/div>\n\t\t\t\t\t<\/div>\n\t\t<\/section>\n\t\t\t\t<section class=\"elementor-section elementor-top-section elementor-element elementor-element-f5f6b30 elementor-section-boxed elementor-section-height-default elementor-section-height-default\" data-id=\"f5f6b30\" data-element_type=\"section\" data-e-type=\"section\">\n\t\t\t\t\t\t<div class=\"elementor-container elementor-column-gap-default\">\n\t\t\t\t\t<div class=\"elementor-column elementor-col-100 elementor-top-column elementor-element elementor-element-2e427f7\" data-id=\"2e427f7\" data-element_type=\"column\" data-e-type=\"column\">\n\t\t\t<div class=\"elementor-widget-wrap elementor-element-populated\">\n\t\t\t\t\t\t<div class=\"elementor-element elementor-element-b9bd6fa elementor-position-left elementor-vertical-align-middle elementor-widget elementor-widget-image-box\" data-id=\"b9bd6fa\" data-element_type=\"widget\" data-e-type=\"widget\" data-widget_type=\"image-box.default\">\n\t\t\t\t<div class=\"elementor-widget-container\">\n\t\t\t\t\t<div class=\"elementor-image-box-wrapper\"><figure class=\"elementor-image-box-img\"><img decoding=\"async\" width=\"2454\" height=\"1026\" src=\"https:\/\/www.pullmax.at\/px\/wp-content\/uploads\/2021\/02\/16323801.png\" class=\"elementor-animation-grow attachment-full size-full wp-image-677\" alt=\"Art.Nr. 163.238.01 Spanlenker\" srcset=\"https:\/\/www.pullmax.at\/px\/wp-content\/uploads\/2021\/02\/16323801.png 2454w, https:\/\/www.pullmax.at\/px\/wp-content\/uploads\/2021\/02\/16323801-300x125.png 300w, https:\/\/www.pullmax.at\/px\/wp-content\/uploads\/2021\/02\/16323801-1024x428.png 1024w, https:\/\/www.pullmax.at\/px\/wp-content\/uploads\/2021\/02\/16323801-768x321.png 768w, https:\/\/www.pullmax.at\/px\/wp-content\/uploads\/2021\/02\/16323801-1536x642.png 1536w\" sizes=\"(max-width: 2454px) 100vw, 2454px\" \/><\/figure><div class=\"elementor-image-box-content\"><h3 class=\"elementor-image-box-title\">Spanlenker - Art. Nr. 163.238.01<\/h3><\/div><\/div>\t\t\t\t<\/div>\n\t\t\t\t<\/div>\n\t\t\t\t\t<\/div>\n\t\t<\/div>\n\t\t\t\t\t<\/div>\n\t\t<\/section>\n\t\t\t\t<section class=\"elementor-section elementor-top-section elementor-element elementor-element-74a63f6 elementor-section-boxed elementor-section-height-default elementor-section-height-default\" data-id=\"74a63f6\" data-element_type=\"section\" data-e-type=\"section\">\n\t\t\t\t\t\t<div class=\"elementor-container elementor-column-gap-default\">\n\t\t\t\t\t<div class=\"elementor-column elementor-col-100 elementor-top-column elementor-element elementor-element-ce84568\" data-id=\"ce84568\" data-element_type=\"column\" data-e-type=\"column\">\n\t\t\t<div class=\"elementor-widget-wrap elementor-element-populated\">\n\t\t\t\t\t\t<div class=\"elementor-element elementor-element-bb23b11 elementor-widget elementor-widget-spacer\" data-id=\"bb23b11\" data-element_type=\"widget\" data-e-type=\"widget\" data-widget_type=\"spacer.default\">\n\t\t\t\t<div class=\"elementor-widget-container\">\n\t\t\t\t\t\t\t<div class=\"elementor-spacer\">\n\t\t\t<div class=\"elementor-spacer-inner\"><\/div>\n\t\t<\/div>\n\t\t\t\t\t\t<\/div>\n\t\t\t\t<\/div>\n\t\t\t\t<div class=\"elementor-element elementor-element-9adbe9f elementor-align-center elementor-widget elementor-widget-button\" data-id=\"9adbe9f\" data-element_type=\"widget\" data-e-type=\"widget\" data-widget_type=\"button.default\">\n\t\t\t\t<div class=\"elementor-widget-container\">\n\t\t\t\t\t\t\t\t\t<div class=\"elementor-button-wrapper\">\n\t\t\t\t\t<a class=\"elementor-button elementor-button-link elementor-size-md elementor-animation-bounce-in\" href=\"https:\/\/www.pullmax.at\/px\/?page_id=370\">\n\t\t\t\t\t\t<span class=\"elementor-button-content-wrapper\">\n\t\t\t\t\t\t<span class=\"elementor-button-icon\">\n\t\t\t\t<i aria-hidden=\"true\" class=\"fas fa-mail-bulk\"><\/i>\t\t\t<\/span>\n\t\t\t\t\t\t\t\t\t<span class=\"elementor-button-text\">Anfrage senden<\/span>\n\t\t\t\t\t<\/span>\n\t\t\t\t\t<\/a>\n\t\t\t\t<\/div>\n\t\t\t\t\t\t\t\t<\/div>\n\t\t\t\t<\/div>\n\t\t\t\t<div class=\"elementor-element elementor-element-d01ab51 elementor-widget elementor-widget-spacer\" data-id=\"d01ab51\" data-element_type=\"widget\" data-e-type=\"widget\" data-widget_type=\"spacer.default\">\n\t\t\t\t<div class=\"elementor-widget-container\">\n\t\t\t\t\t\t\t<div class=\"elementor-spacer\">\n\t\t\t<div class=\"elementor-spacer-inner\"><\/div>\n\t\t<\/div>\n\t\t\t\t\t\t<\/div>\n\t\t\t\t<\/div>\n\t\t\t\t\t<\/div>\n\t\t<\/div>\n\t\t\t\t\t<\/div>\n\t\t<\/section>\n\t\t\t\t<section class=\"elementor-section elementor-top-section elementor-element elementor-element-42e07c6f elementor-section-full_width elementor-section-height-default elementor-section-height-default\" data-id=\"42e07c6f\" data-element_type=\"section\" data-e-type=\"section\" data-settings=\"{&quot;background_background&quot;:&quot;classic&quot;}\">\n\t\t\t\t\t\t\t<div class=\"elementor-background-overlay\"><\/div>\n\t\t\t\t\t\t\t<div class=\"elementor-container elementor-column-gap-wider\">\n\t\t\t\t\t<div class=\"elementor-column elementor-col-100 elementor-top-column elementor-element elementor-element-bcc336e elementor-invisible\" data-id=\"bcc336e\" data-element_type=\"column\" data-e-type=\"column\" data-settings=\"{&quot;background_background&quot;:&quot;classic&quot;,&quot;animation&quot;:&quot;fadeIn&quot;,&quot;animation_delay&quot;:300}\">\n\t\t\t<div class=\"elementor-widget-wrap elementor-element-populated\">\n\t\t\t\t\t\t<section class=\"elementor-section elementor-inner-section elementor-element elementor-element-3d1130e1 elementor-hidden-tablet elementor-hidden-phone elementor-section-boxed elementor-section-height-default elementor-section-height-default\" data-id=\"3d1130e1\" data-element_type=\"section\" data-e-type=\"section\">\n\t\t\t\t\t\t<div class=\"elementor-container elementor-column-gap-default\">\n\t\t\t\t\t<div class=\"elementor-column elementor-col-33 elementor-inner-column elementor-element elementor-element-3aa12f33\" data-id=\"3aa12f33\" data-element_type=\"column\" data-e-type=\"column\">\n\t\t\t<div class=\"elementor-widget-wrap elementor-element-populated\">\n\t\t\t\t\t\t<div class=\"elementor-element elementor-element-170030e4 elementor-hidden-tablet elementor-hidden-phone elementor-widget elementor-widget-text-editor\" data-id=\"170030e4\" data-element_type=\"widget\" data-e-type=\"widget\" data-widget_type=\"text-editor.default\">\n\t\t\t\t<div class=\"elementor-widget-container\">\n\t\t\t\t\t\t\t\t\t<p><strong><span style=\"color: #ff6600;\">\u2022<\/span> PULLMAX Gesellschaft m.b.H.<br \/><\/strong><span style=\"color: #ff6600;\"><strong>\u2022<\/strong><\/span><strong> Kastelicgasse 5<br \/><\/strong><strong><span style=\"color: #ff6600;\">\u2022<\/span> A-3100 St.P\u00f6lten <br \/><span style=\"color: #ff6600;\">\u2022<\/span> \u00d6sterreich<br \/><\/strong><\/p><p><strong><span style=\"color: #ff6600;\">\u2022 <\/span><\/strong><strong>Tel. +43 (0)2742-310 255<br \/><\/strong><strong><span style=\"color: #ff6600;\">\u2022<\/span><a href=\"mailto:info@pullmax.at\"><span style=\"color: #808080;\"> info@pullmax.at<\/span><\/a> <br \/><\/strong><strong><span style=\"color: #ff6600;\">\u2022<\/span> <\/strong><span style=\"color: #808080;\"><a style=\"color: #808080;\" href=\"https:\/\/www.pullmax.at\"><strong> www.pullmax.at<\/strong><\/a> <\/span><\/p><p><strong><span style=\"color: #ff6600;\">\u2022<\/span> <span style=\"color: #808080;\"><a style=\"color: #808080;\" href=\"https:\/\/www.pullmax.at\/px\/?page_id=444\">Impressum<\/a><\/span><br \/><\/strong><\/p>\t\t\t\t\t\t\t\t<\/div>\n\t\t\t\t<\/div>\n\t\t\t\t\t<\/div>\n\t\t<\/div>\n\t\t\t\t<div class=\"elementor-column elementor-col-33 elementor-inner-column elementor-element elementor-element-2ebef898\" data-id=\"2ebef898\" data-element_type=\"column\" data-e-type=\"column\">\n\t\t\t<div class=\"elementor-widget-wrap\">\n\t\t\t\t\t\t\t<\/div>\n\t\t<\/div>\n\t\t\t\t<div class=\"elementor-column elementor-col-33 elementor-inner-column elementor-element elementor-element-322f2286\" data-id=\"322f2286\" data-element_type=\"column\" data-e-type=\"column\">\n\t\t\t<div class=\"elementor-widget-wrap\">\n\t\t\t\t\t\t\t<\/div>\n\t\t<\/div>\n\t\t\t\t\t<\/div>\n\t\t<\/section>\n\t\t\t\t<section class=\"elementor-section elementor-inner-section elementor-element elementor-element-20b53a7d elementor-section-boxed elementor-section-height-default elementor-section-height-default\" data-id=\"20b53a7d\" data-element_type=\"section\" data-e-type=\"section\">\n\t\t\t\t\t\t<div class=\"elementor-container elementor-column-gap-default\">\n\t\t\t\t\t<div class=\"elementor-column elementor-col-100 elementor-inner-column elementor-element elementor-element-7f1c342f\" data-id=\"7f1c342f\" data-element_type=\"column\" data-e-type=\"column\">\n\t\t\t<div class=\"elementor-widget-wrap elementor-element-populated\">\n\t\t\t\t\t\t<div class=\"elementor-element elementor-element-66864b3e elementor-hidden-tablet elementor-hidden-phone elementor-invisible elementor-widget elementor-widget-text-editor\" data-id=\"66864b3e\" data-element_type=\"widget\" data-e-type=\"widget\" data-settings=\"{&quot;_animation&quot;:&quot;fadeIn&quot;}\" data-widget_type=\"text-editor.default\">\n\t\t\t\t<div class=\"elementor-widget-container\">\n\t\t\t\t\t\t\t\t\t<p style=\"text-align: center;\"><strong>Copyright \u00a9 <\/strong><strong>1999-2026 PULLMAX Gesellschaft m.b.H.<br \/><\/strong><strong>Alle Rechte vorbehalten<\/strong><\/p>\t\t\t\t\t\t\t\t<\/div>\n\t\t\t\t<\/div>\n\t\t\t\t\t<\/div>\n\t\t<\/div>\n\t\t\t\t\t<\/div>\n\t\t<\/section>\n\t\t\t\t<section class=\"elementor-section elementor-inner-section elementor-element elementor-element-16c62c90 elementor-section-boxed elementor-section-height-default elementor-section-height-default\" data-id=\"16c62c90\" data-element_type=\"section\" data-e-type=\"section\">\n\t\t\t\t\t\t<div class=\"elementor-container elementor-column-gap-default\">\n\t\t\t\t\t<div class=\"elementor-column elementor-col-100 elementor-inner-column elementor-element elementor-element-3ae9c9ea\" data-id=\"3ae9c9ea\" data-element_type=\"column\" data-e-type=\"column\">\n\t\t\t<div class=\"elementor-widget-wrap elementor-element-populated\">\n\t\t\t\t\t\t<div class=\"elementor-element elementor-element-48b19b74 elementor-hidden-desktop elementor-invisible elementor-widget elementor-widget-text-editor\" data-id=\"48b19b74\" data-element_type=\"widget\" data-e-type=\"widget\" data-settings=\"{&quot;_animation&quot;:&quot;fadeIn&quot;,&quot;_animation_tablet&quot;:&quot;fadeIn&quot;}\" data-widget_type=\"text-editor.default\">\n\t\t\t\t<div class=\"elementor-widget-container\">\n\t\t\t\t\t\t\t\t\t<p style=\"text-align: center;\"><span style=\"color: #ffffff;\"><strong>PULLMAX Gesellschaft m.b.H.<br><\/strong><strong>Kastelicgasse 5<br><\/strong><strong>A-3100 St.P\u00f6lten<br>\u00d6sterreich<\/strong><\/span><\/p>\n<p style=\"text-align: center;\"><span style=\"color: #ffffff;\"><strong>Tel. +43 (0)2742-310 255<br><\/strong><strong><a style=\"color: #ffffff;\" href=\"mailto:info@pullmax.at\">info@pullmax.at<\/a> <br><\/strong><a style=\"color: #ffffff;\" href=\"https:\/\/www.pullmax.at\"><strong>www.pullmax.at<\/strong><\/a><\/span><\/p>\n<p style=\"text-align: center;\"><span style=\"color: #ffffff;\"><strong><a style=\"color: #ffffff;\" href=\"https:\/\/www.pullmax.at\/px\/?page_id=444\">Impressum<\/a><\/strong><\/span><\/p>\n<p style=\"text-align: center;\"><strong><br><span style=\"color: #ffffff;\">Copyright \u00a9 <\/span><\/strong><span style=\"color: #ffffff;\"><strong>1999-2026 PULLMAX Gesellschaft m.b.H.<br><\/strong><\/span><strong><span style=\"color: #ffffff;\">Alle Rechte vorbehalten<\/span><\/strong><\/p>\t\t\t\t\t\t\t\t<\/div>\n\t\t\t\t<\/div>\n\t\t\t\t\t<\/div>\n\t\t<\/div>\n\t\t\t\t\t<\/div>\n\t\t<\/section>\n\t\t\t\t\t<\/div>\n\t\t<\/div>\n\t\t\t\t\t<\/div>\n\t\t<\/section>\n\t\t\t\t<\/div>\n\t\t","protected":false},"excerpt":{"rendered":"<p>Verschlei\u00dfteile f\u00fcr Pullmax X93-X97 St\u00fctzkeil Kurz &#8211; Art. Nr. 163.280.01 Der St\u00fctzkeil h\u00e4lt das Werkst\u00fcck wenn das Werkst\u00fcck die Steuerrollen verlassen hat. Die L\u00e4nge des Anschlages sollte unter gewissen Umst\u00e4nden der Abschr\u00e4gdimension angepasst werden. Der Standardanschlag ist f\u00fcr Abschr\u00e4gbreiten \u00fcber 10 mm geeignet. Unter 10 mm Abschr\u00e4gbreite wird der\u00a0 verl\u00e4ngerte St\u00fctzkeil Nr 163.276.01 empfohlen. St\u00fctzkeil [&hellip;]<\/p>\n","protected":false},"author":1,"featured_media":0,"parent":0,"menu_order":0,"comment_status":"closed","ping_status":"closed","template":"","meta":{"ocean_post_layout":"full-screen","ocean_both_sidebars_style":"","ocean_both_sidebars_content_width":0,"ocean_both_sidebars_sidebars_width":0,"ocean_sidebar":"0","ocean_second_sidebar":"0","ocean_disable_margins":"enable","ocean_add_body_class":"","ocean_shortcode_before_top_bar":"","ocean_shortcode_after_top_bar":"","ocean_shortcode_before_header":"","ocean_shortcode_after_header":"","ocean_has_shortcode":"","ocean_shortcode_after_title":"","ocean_shortcode_before_footer_widgets":"","ocean_shortcode_after_footer_widgets":"","ocean_shortcode_before_footer_bottom":"","ocean_shortcode_after_footer_bottom":"","ocean_display_top_bar":"off","ocean_display_header":"default","ocean_header_style":"","ocean_center_header_left_menu":"0","ocean_custom_header_template":"0","ocean_custom_logo":0,"ocean_custom_retina_logo":0,"ocean_custom_logo_max_width":0,"ocean_custom_logo_tablet_max_width":0,"ocean_custom_logo_mobile_max_width":0,"ocean_custom_logo_max_height":0,"ocean_custom_logo_tablet_max_height":0,"ocean_custom_logo_mobile_max_height":0,"ocean_header_custom_menu":"0","ocean_menu_typo_font_family":"0","ocean_menu_typo_font_subset":"","ocean_menu_typo_font_size":0,"ocean_menu_typo_font_size_tablet":0,"ocean_menu_typo_font_size_mobile":0,"ocean_menu_typo_font_size_unit":"px","ocean_menu_typo_font_weight":"","ocean_menu_typo_font_weight_tablet":"","ocean_menu_typo_font_weight_mobile":"","ocean_menu_typo_transform":"","ocean_menu_typo_transform_tablet":"","ocean_menu_typo_transform_mobile":"","ocean_menu_typo_line_height":0,"ocean_menu_typo_line_height_tablet":0,"ocean_menu_typo_line_height_mobile":0,"ocean_menu_typo_line_height_unit":"","ocean_menu_typo_spacing":0,"ocean_menu_typo_spacing_tablet":0,"ocean_menu_typo_spacing_mobile":0,"ocean_menu_typo_spacing_unit":"","ocean_menu_link_color":"","ocean_menu_link_color_hover":"","ocean_menu_link_color_active":"","ocean_menu_link_background":"","ocean_menu_link_hover_background":"","ocean_menu_link_active_background":"","ocean_menu_social_links_bg":"","ocean_menu_social_hover_links_bg":"","ocean_menu_social_links_color":"","ocean_menu_social_hover_links_color":"","ocean_disable_title":"on","ocean_disable_heading":"default","ocean_post_title":"","ocean_post_subheading":"","ocean_post_title_style":"","ocean_post_title_background_color":"","ocean_post_title_background":0,"ocean_post_title_bg_image_position":"","ocean_post_title_bg_image_attachment":"","ocean_post_title_bg_image_repeat":"","ocean_post_title_bg_image_size":"","ocean_post_title_height":0,"ocean_post_title_bg_overlay":0.5,"ocean_post_title_bg_overlay_color":"","ocean_disable_breadcrumbs":"default","ocean_breadcrumbs_color":"","ocean_breadcrumbs_separator_color":"","ocean_breadcrumbs_links_color":"","ocean_breadcrumbs_links_hover_color":"","ocean_display_footer_widgets":"off","ocean_display_footer_bottom":"off","ocean_custom_footer_template":"0","footnotes":""},"class_list":["post-2820","page","type-page","status-publish","hentry","entry"],"_links":{"self":[{"href":"https:\/\/www.pullmax.at\/px\/wp-json\/wp\/v2\/pages\/2820","targetHints":{"allow":["GET"]}}],"collection":[{"href":"https:\/\/www.pullmax.at\/px\/wp-json\/wp\/v2\/pages"}],"about":[{"href":"https:\/\/www.pullmax.at\/px\/wp-json\/wp\/v2\/types\/page"}],"author":[{"embeddable":true,"href":"https:\/\/www.pullmax.at\/px\/wp-json\/wp\/v2\/users\/1"}],"replies":[{"embeddable":true,"href":"https:\/\/www.pullmax.at\/px\/wp-json\/wp\/v2\/comments?post=2820"}],"version-history":[{"count":34,"href":"https:\/\/www.pullmax.at\/px\/wp-json\/wp\/v2\/pages\/2820\/revisions"}],"predecessor-version":[{"id":3566,"href":"https:\/\/www.pullmax.at\/px\/wp-json\/wp\/v2\/pages\/2820\/revisions\/3566"}],"wp:attachment":[{"href":"https:\/\/www.pullmax.at\/px\/wp-json\/wp\/v2\/media?parent=2820"}],"curies":[{"name":"wp","href":"https:\/\/api.w.org\/{rel}","templated":true}]}}